{"id":145,"date":"2024-06-27T17:29:14","date_gmt":"2024-06-27T15:29:14","guid":{"rendered":"https:\/\/adelinepannequin.fr\/?page_id=145"},"modified":"2025-03-11T17:45:41","modified_gmt":"2025-03-11T16:45:41","slug":"mentions-legales","status":"publish","type":"page","link":"https:\/\/adelinepannequin.fr\/index.php\/mentions-legales\/","title":{"rendered":"Mentions l\u00e9gales"},"content":{"rendered":"\t\t<div data-elementor-type=\"wp-page\" data-elementor-id=\"145\" class=\"elementor elementor-145\">\n\t\t\t\t<div class=\"elementor-element elementor-element-1ac9e74 e-flex e-con-boxed e-con e-parent\" data-id=\"1ac9e74\" data-element_type=\"container\" data-e-type=\"container\">\n\t\t\t\t\t<div class=\"e-con-inner\">\n\t\t\t\t<div class=\"elementor-element elementor-element-7e30b11 elementor-widget elementor-widget-text-editor\" data-id=\"7e30b11\" data-element_type=\"widget\" data-e-type=\"widget\" data-widget_type=\"text-editor.default\">\n\t\t\t\t<div class=\"elementor-widget-container\">\n\t\t\t\t\t\t\t\t\t<div class=\"elementor-element elementor-element-3eee865 elementor-widget elementor-widget-heading\" data-id=\"3eee865\" data-element_type=\"widget\" data-widget_type=\"heading.default\"><div class=\"elementor-widget-container\"><p>\u00a0<\/p><p class=\"elementor-heading-title elementor-size-default\">\u00a0<\/p><\/div><\/div><div class=\"elementor-element elementor-element-c49dc84 elementor-widget elementor-widget-text-editor\" data-id=\"c49dc84\" data-element_type=\"widget\" data-widget_type=\"text-editor.default\"><div class=\"elementor-widget-container\"><div role=\"main\"><article><p>Le site www.adelinepannequin.fr est un site Internet \u00e9dit\u00e9 par la micro entreprise :<\/p><p>ADELINE PANNEQUIN<\/p><p>Port. : +33 7 63 76 69 12<\/p><p>N\u00b0 SIREN : 929 854 685<\/p><p><strong>Directeur de la publication : Adeline Pannequin<\/strong><\/p><p><strong>Cr\u00e9ation du site<\/strong>\u00a0<\/p><p>Laurent Charasson Community Manager<\/p><p>N\u00b0 SIRET : 85336523700017<\/p><p><strong>H\u00e9bergement<\/strong>\u00a0<\/p><p>OVH<\/p><p>SAS au capital de 10 069 020 \u20ac<br \/>RCS Lille M\u00e9tropole 424 761 419 00045<br \/>Code APE 2620Z<br \/>N\u00b0 TVA : FR 22 424 761 419<br \/>Si\u00e8ge social : 2 rue Kellermann \u2013 59100 Roubaix \u2013 France<\/p><p>Donn\u00e9es personnelles<\/p><p>Aucune donn\u00e9e personnelle n\u2019est collect\u00e9e \u00e0 l\u2019insu des visiteurs du site www.laurentcharasson.com.<\/p><p>Les donn\u00e9es personnelles fournies par l\u2019utilisateur du service ne sont en aucun cas c\u00e9d\u00e9es ou rendues accessibles \u00e0 quelque entit\u00e9 tierce que ce soit sans son accord pr\u00e9alable.<\/p><p>Les adresses email publi\u00e9es sur le site sont crypt\u00e9es afin de prot\u00e9ger les utilisateurs du service des robots spammeurs.<\/p><p>Droit d\u2019acc\u00e8s, de modification et de suppression<\/p><p>Vous disposez, conform\u00e9ment \u00e0 l\u2019article 34 de la loi \u00ab\u00a0Informatique et Libert\u00e9s\u00a0\u00bb du 6 janvier 1978, d\u2019un droit d\u2019acc\u00e8s, de rectification, de modification et de suppression concernant les donn\u00e9es qui vous concernent, et pouvez exiger la suppression de vos contributions des forums du site.<br \/>Vous pouvez exercer ce droit en nous contactant.<\/p><\/article><\/div><\/div><\/div>\t\t\t\t\t\t\t\t<\/div>\n\t\t\t\t<\/div>\n\t\t\t\t\t<\/div>\n\t\t\t\t<\/div>\n\t\t\t\t<\/div>\n\t\t","protected":false},"excerpt":{"rendered":"<p>\u00a0 \u00a0 Le site www.adelinepannequin.fr est un site Internet \u00e9dit\u00e9 par la micro entreprise : ADELINE PANNEQUIN Port. : +33 7 63 76 69 12 N\u00b0 SIREN : 929 854 685 Directeur de la publication : Adeline Pannequin Cr\u00e9ation du site\u00a0 Laurent Charasson Community Manager N\u00b0 SIRET : 85336523700017 H\u00e9bergement\u00a0 OVH SAS au capital de [&hellip;]<\/p>\n","protected":false},"author":1,"featured_media":0,"parent":0,"menu_order":0,"comment_status":"closed","ping_status":"closed","template":"","meta":{"_seopress_robots_primary_cat":"","_seopress_titles_title":"Informations l\u00e9gales","_seopress_titles_desc":"D\u00e9couvrez les mentions l\u00e9gales d'Adeline Pannequin, secr\u00e9taire ind\u00e9pendante : informations l\u00e9gales, protection des donn\u00e9es et conditions d'utilisation.","_seopress_robots_index":"","ocean_post_layout":"","ocean_both_sidebars_style":"","ocean_both_sidebars_content_width":0,"ocean_both_sidebars_sidebars_width":0,"ocean_sidebar":"","ocean_second_sidebar":"","ocean_disable_margins":"enable","ocean_add_body_class":"","ocean_shortcode_before_top_bar":"","ocean_shortcode_after_top_bar":"","ocean_shortcode_before_header":"","ocean_shortcode_after_header":"","ocean_has_shortcode":"","ocean_shortcode_after_title":"","ocean_shortcode_before_footer_widgets":"","ocean_shortcode_after_footer_widgets":"","ocean_shortcode_before_footer_bottom":"","ocean_shortcode_after_footer_bottom":"","ocean_display_top_bar":"default","ocean_display_header":"default","ocean_header_style":"","ocean_center_header_left_menu":"","ocean_custom_header_template":"","ocean_custom_logo":0,"ocean_custom_retina_logo":0,"ocean_custom_logo_max_width":0,"ocean_custom_logo_tablet_max_width":0,"ocean_custom_logo_mobile_max_width":0,"ocean_custom_logo_max_height":0,"ocean_custom_logo_tablet_max_height":0,"ocean_custom_logo_mobile_max_height":0,"ocean_header_custom_menu":"","ocean_menu_typo_font_family":"","ocean_menu_typo_font_subset":"","ocean_menu_typo_font_size":0,"ocean_menu_typo_font_size_tablet":0,"ocean_menu_typo_font_size_mobile":0,"ocean_menu_typo_font_size_unit":"px","ocean_menu_typo_font_weight":"","ocean_menu_typo_font_weight_tablet":"","ocean_menu_typo_font_weight_mobile":"","ocean_menu_typo_transform":"","ocean_menu_typo_transform_tablet":"","ocean_menu_typo_transform_mobile":"","ocean_menu_typo_line_height":0,"ocean_menu_typo_line_height_tablet":0,"ocean_menu_typo_line_height_mobile":0,"ocean_menu_typo_line_height_unit":"","ocean_menu_typo_spacing":0,"ocean_menu_typo_spacing_tablet":0,"ocean_menu_typo_spacing_mobile":0,"ocean_menu_typo_spacing_unit":"","ocean_menu_link_color":"","ocean_menu_link_color_hover":"","ocean_menu_link_color_active":"","ocean_menu_link_background":"","ocean_menu_link_hover_background":"","ocean_menu_link_active_background":"","ocean_menu_social_links_bg":"","ocean_menu_social_hover_links_bg":"","ocean_menu_social_links_color":"","ocean_menu_social_hover_links_color":"","ocean_disable_title":"default","ocean_disable_heading":"default","ocean_post_title":"","ocean_post_subheading":"","ocean_post_title_style":"","ocean_post_title_background_color":"","ocean_post_title_background":0,"ocean_post_title_bg_image_position":"","ocean_post_title_bg_image_attachment":"","ocean_post_title_bg_image_repeat":"","ocean_post_title_bg_image_size":"","ocean_post_title_height":0,"ocean_post_title_bg_overlay":0.5,"ocean_post_title_bg_overlay_color":"","ocean_disable_breadcrumbs":"default","ocean_breadcrumbs_color":"","ocean_breadcrumbs_separator_color":"","ocean_breadcrumbs_links_color":"","ocean_breadcrumbs_links_hover_color":"","ocean_display_footer_widgets":"default","ocean_display_footer_bottom":"default","ocean_custom_footer_template":"","footnotes":""},"class_list":["post-145","page","type-page","status-publish","hentry","entry"],"_links":{"self":[{"href":"https:\/\/adelinepannequin.fr\/index.php\/wp-json\/wp\/v2\/pages\/145","targetHints":{"allow":["GET"]}}],"collection":[{"href":"https:\/\/adelinepannequin.fr\/index.php\/wp-json\/wp\/v2\/pages"}],"about":[{"href":"https:\/\/adelinepannequin.fr\/index.php\/wp-json\/wp\/v2\/types\/page"}],"author":[{"embeddable":true,"href":"https:\/\/adelinepannequin.fr\/index.php\/wp-json\/wp\/v2\/users\/1"}],"replies":[{"embeddable":true,"href":"https:\/\/adelinepannequin.fr\/index.php\/wp-json\/wp\/v2\/comments?post=145"}],"version-history":[{"count":4,"href":"https:\/\/adelinepannequin.fr\/index.php\/wp-json\/wp\/v2\/pages\/145\/revisions"}],"predecessor-version":[{"id":149,"href":"https:\/\/adelinepannequin.fr\/index.php\/wp-json\/wp\/v2\/pages\/145\/revisions\/149"}],"wp:attachment":[{"href":"https:\/\/adelinepannequin.fr\/index.php\/wp-json\/wp\/v2\/media?parent=145"}],"curies":[{"name":"wp","href":"https:\/\/api.w.org\/{rel}","templated":true}]}}