{"id":339,"date":"2025-04-30T16:46:40","date_gmt":"2025-04-30T14:46:40","guid":{"rendered":"https:\/\/adelinepannequin.fr\/?page_id=339"},"modified":"2025-04-30T16:46:50","modified_gmt":"2025-04-30T14:46:50","slug":"qui-suis-je","status":"publish","type":"page","link":"https:\/\/adelinepannequin.fr\/index.php\/qui-suis-je\/","title":{"rendered":"Qui suis-je ?"},"content":{"rendered":"\t\t<div data-elementor-type=\"wp-page\" data-elementor-id=\"339\" class=\"elementor elementor-339\">\n\t\t\t\t<div class=\"elementor-element elementor-element-e246da8 e-flex e-con-boxed e-con e-parent\" data-id=\"e246da8\" data-element_type=\"container\" data-e-type=\"container\">\n\t\t\t\t\t<div class=\"e-con-inner\">\n\t\t\t\t<div class=\"elementor-element elementor-element-47454ba elementor-widget elementor-widget-heading\" data-id=\"47454ba\" data-element_type=\"widget\" data-e-type=\"widget\" data-widget_type=\"heading.default\">\n\t\t\t\t<div class=\"elementor-widget-container\">\n\t\t\t\t\t<h2 class=\"elementor-heading-title elementor-size-default\">Qui suis-je ?<\/h2>\t\t\t\t<\/div>\n\t\t\t\t<\/div>\n\t\t\t\t\t<\/div>\n\t\t\t\t<\/div>\n\t\t<div class=\"elementor-element elementor-element-bea056b e-flex e-con-boxed e-con e-parent\" data-id=\"bea056b\" data-element_type=\"container\" data-e-type=\"container\">\n\t\t\t\t\t<div class=\"e-con-inner\">\n\t\t\t\t<div class=\"elementor-element elementor-element-f743262 elementor-widget elementor-widget-image\" data-id=\"f743262\" data-element_type=\"widget\" data-e-type=\"widget\" data-widget_type=\"image.default\">\n\t\t\t\t<div class=\"elementor-widget-container\">\n\t\t\t\t\t\t\t\t\t\t\t\t\t\t\t<img fetchpriority=\"high\" decoding=\"async\" width=\"295\" height=\"300\" src=\"https:\/\/adelinepannequin.fr\/wp-content\/uploads\/2025\/04\/490741048_2520455801642340_1884918996860744156_n-1-295x300.jpg\" class=\"attachment-medium size-medium wp-image-358\" alt=\"\" srcset=\"https:\/\/adelinepannequin.fr\/wp-content\/uploads\/2025\/04\/490741048_2520455801642340_1884918996860744156_n-1-295x300.jpg 295w, https:\/\/adelinepannequin.fr\/wp-content\/uploads\/2025\/04\/490741048_2520455801642340_1884918996860744156_n-1-1008x1024.jpg 1008w, https:\/\/adelinepannequin.fr\/wp-content\/uploads\/2025\/04\/490741048_2520455801642340_1884918996860744156_n-1-768x780.jpg 768w, https:\/\/adelinepannequin.fr\/wp-content\/uploads\/2025\/04\/490741048_2520455801642340_1884918996860744156_n-1.jpg 1080w\" sizes=\"(max-width: 295px) 100vw, 295px\" \/>\t\t\t\t\t\t\t\t\t\t\t\t\t\t\t<\/div>\n\t\t\t\t<\/div>\n\t\t\t\t\t<\/div>\n\t\t\t\t<\/div>\n\t\t<div class=\"elementor-element elementor-element-a83c86a e-flex e-con-boxed e-con e-parent\" data-id=\"a83c86a\" data-element_type=\"container\" data-e-type=\"container\">\n\t\t\t\t\t<div class=\"e-con-inner\">\n\t\t\t\t<div class=\"elementor-element elementor-element-d762805 elementor-widget elementor-widget-text-editor\" data-id=\"d762805\" data-element_type=\"widget\" data-e-type=\"widget\" data-widget_type=\"text-editor.default\">\n\t\t\t\t<div class=\"elementor-widget-container\">\n\t\t\t\t\t\t\t\t\t<p>\u2728 Bienvenue sur ma page ! \u2728<\/p><p>Je suis Adeline Pannequin, la personne derri\u00e8re cette entreprise, votre partenaire de confiance pour une gestion administrative sereine et efficace.<\/p><p>Forte d&rsquo;une exp\u00e9rience de 10 ans dans divers secteurs, notamment en tant que conseill\u00e8re client\u00e8le o\u00f9 j&rsquo;ai d\u00e9velopp\u00e9 une solide expertise en gestion de la relation client et en organisation administrative, j&rsquo;ai d\u00e9cid\u00e9 de mettre mes comp\u00e9tences au service des entreprises et des ind\u00e9pendants.<\/p><p>Mes valeurs fondamentales sont\u00a0:<\/p><p>\ud83d\udccela simplicit\u00e9<\/p><p>\ud83d\udccel&rsquo;efficacit\u00e9<\/p><p>\ud83d\udccela confiance.<\/p><p>Je crois en une approche personnalis\u00e9e, o\u00f9 chaque client est unique et m\u00e9rite un accompagnement adapt\u00e9 \u00e0 ses besoins sp\u00e9cifiques.<\/p><p>Mon objectif est de vous lib\u00e9rer des contraintes administratives pour que vous puissiez vous concentrer sur votre activit\u00e9.<\/p><p>Je propose une gamme de services pour r\u00e9pondre \u00e0 vos besoins :<\/p><p>\ud83d\udccc gestion administrative<\/p><p>\ud83d\udccc pr\u00e9-comptabilit\u00e9<\/p><p>\ud83d\udccc t\u00e9l\u00e9secr\u00e9tariat (gestion d&rsquo;agenda, prise de rendez-vous, gestion d&rsquo;appels)<\/p><p>\ud83d\udccc classement<\/p><p>\ud83d\udccc r\u00e9daction de documents<\/p><p>\ud83d\udccc et bien plus encore.<\/p><p>\ud83d\udcdd Je m&rsquo;engage \u00e0 vous fournir un service professionnel, r\u00e9actif et confidentiel.<\/p><p>Votre satisfaction est ma priorit\u00e9, et je travaille avec rigueur et flexibilit\u00e9 pour vous apporter une aide pr\u00e9cieuse et fiable.<\/p><p>Bas\u00e9e \u00e0 Pernes, je propose mes services aux entreprises et ind\u00e9pendants de la r\u00e9gion et au-del\u00e0 gr\u00e2ce au travail \u00e0 distance.<\/p><p>N&rsquo;h\u00e9sitez pas \u00e0 explorer mon site pour d\u00e9couvrir l&rsquo;ensemble de mes services.<\/p><p>Si vous avez des questions ou si vous souhaitez discuter de vos besoins, je suis \u00e0 votre disposition.<\/p><p>\ud83d\udcf107 63 76 69 12<\/p><p>\ud83d\udcbbap.secretaire@gmail.com<\/p><p>Au plaisir de collaborer avec vous !<\/p>\t\t\t\t\t\t\t\t<\/div>\n\t\t\t\t<\/div>\n\t\t\t\t\t<\/div>\n\t\t\t\t<\/div>\n\t\t\t\t<\/div>\n\t\t","protected":false},"excerpt":{"rendered":"<p>Qui suis-je ? \u2728 Bienvenue sur ma page ! \u2728 Je suis Adeline Pannequin, la personne derri\u00e8re cette entreprise, votre partenaire de confiance pour une gestion administrative sereine et efficace. Forte d&rsquo;une exp\u00e9rience de 10 ans dans divers secteurs, notamment en tant que conseill\u00e8re client\u00e8le o\u00f9 j&rsquo;ai d\u00e9velopp\u00e9 une solide expertise en gestion de la [&hellip;]<\/p>\n","protected":false},"author":1,"featured_media":0,"parent":0,"menu_order":0,"comment_status":"closed","ping_status":"closed","template":"","meta":{"_seopress_robots_primary_cat":"","_seopress_titles_title":"","_seopress_titles_desc":"","_seopress_robots_index":"","ocean_post_layout":"","ocean_both_sidebars_style":"","ocean_both_sidebars_content_width":0,"ocean_both_sidebars_sidebars_width":0,"ocean_sidebar":"","ocean_second_sidebar":"","ocean_disable_margins":"enable","ocean_add_body_class":"","ocean_shortcode_before_top_bar":"","ocean_shortcode_after_top_bar":"","ocean_shortcode_before_header":"","ocean_shortcode_after_header":"","ocean_has_shortcode":"","ocean_shortcode_after_title":"","ocean_shortcode_before_footer_widgets":"","ocean_shortcode_after_footer_widgets":"","ocean_shortcode_before_footer_bottom":"","ocean_shortcode_after_footer_bottom":"","ocean_display_top_bar":"default","ocean_display_header":"default","ocean_header_style":"","ocean_center_header_left_menu":"","ocean_custom_header_template":"","ocean_custom_logo":0,"ocean_custom_retina_logo":0,"ocean_custom_logo_max_width":0,"ocean_custom_logo_tablet_max_width":0,"ocean_custom_logo_mobile_max_width":0,"ocean_custom_logo_max_height":0,"ocean_custom_logo_tablet_max_height":0,"ocean_custom_logo_mobile_max_height":0,"ocean_header_custom_menu":"","ocean_menu_typo_font_family":"","ocean_menu_typo_font_subset":"","ocean_menu_typo_font_size":0,"ocean_menu_typo_font_size_tablet":0,"ocean_menu_typo_font_size_mobile":0,"ocean_menu_typo_font_size_unit":"px","ocean_menu_typo_font_weight":"","ocean_menu_typo_font_weight_tablet":"","ocean_menu_typo_font_weight_mobile":"","ocean_menu_typo_transform":"","ocean_menu_typo_transform_tablet":"","ocean_menu_typo_transform_mobile":"","ocean_menu_typo_line_height":0,"ocean_menu_typo_line_height_tablet":0,"ocean_menu_typo_line_height_mobile":0,"ocean_menu_typo_line_height_unit":"","ocean_menu_typo_spacing":0,"ocean_menu_typo_spacing_tablet":0,"ocean_menu_typo_spacing_mobile":0,"ocean_menu_typo_spacing_unit":"","ocean_menu_link_color":"","ocean_menu_link_color_hover":"","ocean_menu_link_color_active":"","ocean_menu_link_background":"","ocean_menu_link_hover_background":"","ocean_menu_link_active_background":"","ocean_menu_social_links_bg":"","ocean_menu_social_hover_links_bg":"","ocean_menu_social_links_color":"","ocean_menu_social_hover_links_color":"","ocean_disable_title":"default","ocean_disable_heading":"default","ocean_post_title":"","ocean_post_subheading":"","ocean_post_title_style":"","ocean_post_title_background_color":"","ocean_post_title_background":0,"ocean_post_title_bg_image_position":"","ocean_post_title_bg_image_attachment":"","ocean_post_title_bg_image_repeat":"","ocean_post_title_bg_image_size":"","ocean_post_title_height":0,"ocean_post_title_bg_overlay":0.5,"ocean_post_title_bg_overlay_color":"","ocean_disable_breadcrumbs":"default","ocean_breadcrumbs_color":"","ocean_breadcrumbs_separator_color":"","ocean_breadcrumbs_links_color":"","ocean_breadcrumbs_links_hover_color":"","ocean_display_footer_widgets":"default","ocean_display_footer_bottom":"default","ocean_custom_footer_template":"","footnotes":""},"class_list":["post-339","page","type-page","status-publish","hentry","entry"],"_links":{"self":[{"href":"https:\/\/adelinepannequin.fr\/index.php\/wp-json\/wp\/v2\/pages\/339","targetHints":{"allow":["GET"]}}],"collection":[{"href":"https:\/\/adelinepannequin.fr\/index.php\/wp-json\/wp\/v2\/pages"}],"about":[{"href":"https:\/\/adelinepannequin.fr\/index.php\/wp-json\/wp\/v2\/types\/page"}],"author":[{"embeddable":true,"href":"https:\/\/adelinepannequin.fr\/index.php\/wp-json\/wp\/v2\/users\/1"}],"replies":[{"embeddable":true,"href":"https:\/\/adelinepannequin.fr\/index.php\/wp-json\/wp\/v2\/comments?post=339"}],"version-history":[{"count":10,"href":"https:\/\/adelinepannequin.fr\/index.php\/wp-json\/wp\/v2\/pages\/339\/revisions"}],"predecessor-version":[{"id":365,"href":"https:\/\/adelinepannequin.fr\/index.php\/wp-json\/wp\/v2\/pages\/339\/revisions\/365"}],"wp:attachment":[{"href":"https:\/\/adelinepannequin.fr\/index.php\/wp-json\/wp\/v2\/media?parent=339"}],"curies":[{"name":"wp","href":"https:\/\/api.w.org\/{rel}","templated":true}]}}